{"id":386,"date":"2025-10-27T06:22:28","date_gmt":"2025-10-27T06:22:28","guid":{"rendered":"https:\/\/mathieusage.com\/?page_id=386"},"modified":"2025-10-27T06:37:46","modified_gmt":"2025-10-27T06:37:46","slug":"biographie","status":"publish","type":"page","link":"https:\/\/mathieusage.com\/index.php\/biographie\/","title":{"rendered":"Biographie"},"content":{"rendered":"\n<p><\/p>\n\n\n\n<p class=\"has-text-align-center has-white-color has-text-color has-background has-link-color wp-elements-17c11b73fd4e1a188674279391186dd9\" style=\"background-color:#022b77;font-size:clamp(26.944px, 1.684rem + ((1vw - 3.2px) * 1.686), 46px);line-height:1.1\"><strong>MATHIEU<\/strong> SAGE &#8211; <strong>CONFERENCIER<\/strong><\/p>\n\n\n\n<p><\/p>\n\n\n\n<div class=\"wp-block-columns is-layout-flex wp-container-core-columns-is-layout-28f84493 wp-block-columns-is-layout-flex\">\n<div class=\"wp-block-column is-layout-flow wp-block-column-is-layout-flow\">\n<figure class=\"wp-block-image size-large\"><img loading=\"lazy\" decoding=\"async\" width=\"1024\" height=\"680\" src=\"http:\/\/mathieusage.com\/wp-content\/uploads\/2025\/09\/DSC_8229-copie-edited-1024x680.jpg\" alt=\"\" class=\"wp-image-48\" srcset=\"https:\/\/mathieusage.com\/wp-content\/uploads\/2025\/09\/DSC_8229-copie-edited-1024x680.jpg 1024w, https:\/\/mathieusage.com\/wp-content\/uploads\/2025\/09\/DSC_8229-copie-edited-300x199.jpg 300w, https:\/\/mathieusage.com\/wp-content\/uploads\/2025\/09\/DSC_8229-copie-edited-2000x1328.jpg 2000w\" sizes=\"auto, (max-width: 1024px) 100vw, 1024px\" \/><\/figure>\n<\/div>\n\n\n\n<div class=\"wp-block-column is-layout-flow wp-block-column-is-layout-flow\">\n<h2 class=\"wp-block-heading has-text-align-center\" style=\"font-size:clamp(21.027px, 1.314rem + ((1vw - 3.2px) * 1.148), 34px);letter-spacing:1px\"><strong>De la vitesse individuelle \u00e0 la puissance collective<\/strong><\/h2>\n\n\n\n<p><\/p>\n\n\n\n<p class=\"has-text-align-center has-text-color has-link-color wp-elements-f824284f026b33c3edbfa941b9c39e4b\" style=\"color:#022b77\">Ancien <strong>recordman du monde<\/strong> et double <strong>champion du monde<\/strong> de ski de vitesse, j\u2019ai appris \u00e0 <strong>ma\u00eetriser la pression<\/strong> et l\u2019\u00e9nergie individuelle dans un sport extr\u00eame et solitaire. Pendant plus de dix ans, j\u2019ai encadr\u00e9 des \u00e9quipes commerciales, avant de devenir coach mental, sp\u00e9cialis\u00e9 dans l\u2019accompagnement des individus, des \u00e9quipes et des organisations, port\u00e9 par une <strong>passion pour la dynamique collective.<\/strong><\/p>\n<\/div>\n<\/div>\n\n\n\n<div class=\"wp-block-group has-global-padding is-layout-constrained wp-block-group-is-layout-constrained\">\n<h2 class=\"wp-block-heading has-text-align-center\" style=\"font-size:clamp(21.027px, 1.314rem + ((1vw - 3.2px) * 1.148), 34px);letter-spacing:1px\"><\/h2>\n\n\n\n<p class=\"has-text-align-center has-white-color has-text-color has-background has-link-color wp-elements-7633638e815c827187b86b7ec4b2aa0c\" style=\"background-color:#022b77;font-size:clamp(20.515px, 1.282rem + ((1vw - 3.2px) * 1.105), 33px);letter-spacing:1px\">L\u2019EQUATION DE LA <strong>PERFORMANCE DURABLE<\/strong> = <strong>ENERGIE INDIVIDUELLE<\/strong> + <strong>COHESION COLLECTIVE<\/strong><\/p>\n\n\n\n<div style=\"height:57px\" aria-hidden=\"true\" class=\"wp-block-spacer\"><\/div>\n<\/div>\n\n\n\n<div class=\"wp-block-group alignfull has-global-padding is-layout-constrained wp-block-group-is-layout-constrained\">\n<div class=\"wp-block-group has-global-padding is-layout-constrained wp-block-group-is-layout-constrained\" style=\"padding-top:var(--wp--preset--spacing--small);padding-bottom:var(--wp--preset--spacing--small)\">\n<div class=\"wp-block-columns is-layout-flex wp-container-core-columns-is-layout-c375d253 wp-block-columns-is-layout-flex\">\n<div class=\"wp-block-column is-vertically-aligned-center is-layout-flow wp-block-column-is-layout-flow\">\n<h2 class=\"wp-block-heading has-text-color has-link-color wp-elements-94cd3282d9b822d9764d26bb972c128d\" style=\"color:#022b77;font-size:clamp(21.536px, 1.346rem + ((1vw - 3.2px) * 1.192), 35px);text-transform:uppercase\">adn sport de haut niveau <\/h2>\n\n\n\n<p class=\"has-text-color has-link-color wp-elements-2612e68e34fe6bba8670ef3984d83edb\" style=\"color:#022b77\">Pendant mes dix premi\u00e8res ann\u00e9es en ski de vitesse, je n\u2019ai absolument rien gagn\u00e9. Ensuite, j&rsquo;ai tout gagn\u00e9. Mars 2006 a marqu\u00e9 un tournant : apr\u00e8s une d\u00e9ception majeure, j\u2019ai choisi de tout changer et de me tester dans une nouvelle cat\u00e9gorie, la&nbsp;<strong>descente<\/strong>, moins technologique que la cat\u00e9gorie profil\u00e9e o\u00f9 j\u2019avais d\u00e9j\u00e0 atteint 231 km\/h.<\/p>\n\n\n\n<p class=\"has-text-color has-link-color wp-elements-323660a6265a0dd6aaca0485854e905f\" style=\"color:#022b77\">C\u2019est dans cette discipline plus traditionnelle que j\u2019ai trouv\u00e9 ma voie : en avril 2006, j\u2019ai battu le record du monde de descente \u00e0&nbsp;<strong>210 km\/h<\/strong>, record que j\u2019ai d\u00e9tenu jusqu\u2019en 2014. Mon autre record personnel, dans la cat\u00e9gorie profil\u00e9e, reste \u00e0&nbsp;<strong>231 km\/h<\/strong>.<\/p>\n\n\n\n<p class=\"has-text-color has-link-color wp-elements-7ff0cbfa4bb34a55d1390f773d6a19ab\" style=\"color:#022b77\">Aujourd\u2019hui, j\u2019ai le privil\u00e8ge d\u2019\u00eatre l\u2019un des coachs de l\u2019<strong>\u00c9quipe de France de ski de vitesse<\/strong>, o\u00f9 j\u2019accompagne depuis deux ans la&nbsp;<strong>coh\u00e9sion et la communication interne<\/strong>&nbsp;du groupe. <\/p>\n\n\n\n<p class=\"has-text-color has-link-color wp-elements-de663e7d03f9486bcf55657bfa05929f\" style=\"color:#022b77\">Au-del\u00e0 du ski, mes autres passions nourrissent aussi ma qu\u00eate de performance durable :&nbsp;<strong>natation, triathlon (avec la r\u00e9alisation d\u2019Ironman) et ski alpin<\/strong>. <\/p>\n\n\n\n<p><\/p>\n<\/div>\n\n\n\n<div class=\"wp-block-column is-vertically-aligned-top is-layout-flow wp-block-column-is-layout-flow\">\n<figure class=\"wp-block-video\"><video height=\"1080\" style=\"aspect-ratio: 1920 \/ 1080;\" width=\"1920\" controls src=\"http:\/\/mathieusage.com\/wp-content\/uploads\/2025\/09\/clip-run-Qmoy.mp4\"><\/video><figcaption class=\"wp-element-caption\">Images et s\u00e9quences vid\u00e9os &#8211; Ski de Vitesse <\/figcaption><\/figure>\n<\/div>\n<\/div>\n<\/div>\n<\/div>\n\n\n\n<div class=\"wp-block-group alignfull has-background has-global-padding is-layout-constrained wp-block-group-is-layout-constrained\">\n<div class=\"wp-block-group has-global-padding is-layout-constrained wp-block-group-is-layout-constrained\" style=\"padding-top:var(--wp--preset--spacing--small);padding-bottom:var(--wp--preset--spacing--small)\">\n<div class=\"wp-block-columns are-vertically-aligned-center is-layout-flex wp-container-core-columns-is-layout-c375d253 wp-block-columns-is-layout-flex\">\n<div class=\"wp-block-column is-vertically-aligned-center is-layout-flow wp-block-column-is-layout-flow\">\n<figure class=\"wp-block-image size-full\"><img loading=\"lazy\" decoding=\"async\" width=\"1024\" height=\"768\" src=\"http:\/\/mathieusage.com\/wp-content\/uploads\/2025\/09\/PHOTO-2022-11-22-18-47-05.jpg\" alt=\"\" class=\"wp-image-74\" srcset=\"https:\/\/mathieusage.com\/wp-content\/uploads\/2025\/09\/PHOTO-2022-11-22-18-47-05.jpg 1024w, https:\/\/mathieusage.com\/wp-content\/uploads\/2025\/09\/PHOTO-2022-11-22-18-47-05-300x225.jpg 300w\" sizes=\"auto, (max-width: 1024px) 100vw, 1024px\" \/><\/figure>\n<\/div>\n\n\n\n<div class=\"wp-block-column is-vertically-aligned-center is-layout-flow wp-block-column-is-layout-flow\">\n<h2 class=\"wp-block-heading has-text-color has-link-color wp-elements-024ef85b3688bcfc667c6768a11914a1\" style=\"color:#022b77;font-size:clamp(21.027px, 1.314rem + ((1vw - 3.2px) * 1.148), 34px);text-transform:uppercase\">UN ANCRAGE CORPORATE PUISSANT<\/h2>\n\n\n\n<p class=\"has-text-color has-link-color wp-elements-0d91db1b47c675ff050f642e39653778\" style=\"color:#022b77\">En parall\u00e8le de mon parcours sportif de haut niveau et de plus de quinze ann\u00e9es en \u00c9quipe de France, j\u2019ai b\u00e2ti une solide exp\u00e9rience au <strong>c\u0153ur des organisations<\/strong>. Pendant dix ans, j\u2019ai exerc\u00e9 des responsabilit\u00e9s de management jusqu\u2019\u00e0 la <strong>direction d\u2019un r\u00e9seau national de vente<\/strong>, avec&nbsp;<strong>10 directeurs r\u00e9gionaux et 3 500 collaborateurs<\/strong>.<\/p>\n\n\n\n<p class=\"has-text-color has-link-color wp-elements-9ed1d11638b5d8ee730b1fd884bff6a2\" style=\"color:#022b77\">Depuis pr\u00e8s de vingt ans, j\u2019accompagne aujourd\u2019hui en tant qu\u2019<strong>executive coach<\/strong>&nbsp;des \u00e9quipes, des <strong>dirigeants<\/strong> et des organisations,&nbsp;<strong>de secteurs et de tailles vari\u00e9s<\/strong>, dans l\u2019optimisation de leur <strong>performance<\/strong>, le d\u00e9veloppement de leur <strong>culture<\/strong> et l\u2019incarnation d\u2019un <strong>leadership durable<\/strong> et inspirant.<\/p>\n\n\n\n<p class=\"has-text-color has-link-color wp-elements-bedcaf778b00432247117e86ac8bc2e8\" style=\"color:#022b77\">Cet ancrage corporate me permet de relier en permanence l\u2019<strong>exigence du sport de haut niveau<\/strong> aux <strong>r\u00e9alit\u00e9s concr\u00e8tes de l\u2019entreprise<\/strong>.<\/p>\n<\/div>\n<\/div>\n<\/div>\n<\/div>\n\n\n\n<p class=\"has-text-align-center has-white-background-color has-text-color has-background has-link-color wp-elements-d8dbbbf71c24ced9d130d32f7c1a6930\" style=\"color:#022b77;padding-top:0;padding-bottom:0;font-size:clamp(18.434px, 1.152rem + ((1vw - 3.2px) * 0.935), 29px);\"><strong>Un projet ? Une question ? Contactez-moi : <\/strong><\/p>\n\n\n\n<p class=\"has-text-align-center has-white-color has-text-color has-background has-link-color wp-elements-cc21dfc3f437a7e2fc13796372497a6a\" style=\"background-color:#022b77;padding-top:var(--wp--preset--spacing--x-small);padding-bottom:var(--wp--preset--spacing--x-small);font-size:clamp(15.197px, 0.95rem + ((1vw - 3.2px) * 0.691), 23px);\"><a href=\"mailto:mathieu.sage@meweperformance.com\"><strong>mathieu.sage@meweperformance.com<\/strong><\/a><\/p>\n\n\n\n<p class=\"has-text-align-center has-white-color has-text-color has-background has-link-color wp-elements-26482452f3d40f5c8704ccce57f2ad56\" style=\"background-color:#022b77;padding-top:var(--wp--preset--spacing--x-small);padding-bottom:var(--wp--preset--spacing--x-small);font-size:clamp(15.197px, 0.95rem + ((1vw - 3.2px) * 0.691), 23px);\"><strong><a href=\"tel:330611340286\">+33 (0)6.11.34.02.86<\/a><\/strong><\/p>\n\n\n\n<p><\/p>\n","protected":false},"excerpt":{"rendered":"<p>MATHIEU SAGE &#8211; CONFERENCIER De la vitesse individuelle \u00e0 la puissance collective Ancien recordman du monde et double champion du monde de ski de vitesse, j\u2019ai appris \u00e0 ma\u00eetriser la pression et l\u2019\u00e9nergie individuelle dans un sport extr\u00eame et solitaire. Pendant plus de dix ans, j\u2019ai encadr\u00e9 des \u00e9quipes commerciales, avant de devenir coach mental, &hellip; <\/p>\n<p class=\"link-more\"><a href=\"https:\/\/mathieusage.com\/index.php\/biographie\/\" class=\"more-link\">Lire la suite de<span class=\"screen-reader-text\">\u00ab\u00a0Biographie\u00a0\u00bb<\/span><\/a><\/p>\n","protected":false},"author":1,"featured_media":26,"parent":0,"menu_order":1,"comment_status":"closed","ping_status":"closed","template":"page-templates\/homepage-builder-bb.php","meta":{"footnotes":""},"class_list":["post-386","page","type-page","status-publish","has-post-thumbnail","hentry"],"_links":{"self":[{"href":"https:\/\/mathieusage.com\/index.php\/wp-json\/wp\/v2\/pages\/386","targetHints":{"allow":["GET"]}}],"collection":[{"href":"https:\/\/mathieusage.com\/index.php\/wp-json\/wp\/v2\/pages"}],"about":[{"href":"https:\/\/mathieusage.com\/index.php\/wp-json\/wp\/v2\/types\/page"}],"author":[{"embeddable":true,"href":"https:\/\/mathieusage.com\/index.php\/wp-json\/wp\/v2\/users\/1"}],"replies":[{"embeddable":true,"href":"https:\/\/mathieusage.com\/index.php\/wp-json\/wp\/v2\/comments?post=386"}],"version-history":[{"count":2,"href":"https:\/\/mathieusage.com\/index.php\/wp-json\/wp\/v2\/pages\/386\/revisions"}],"predecessor-version":[{"id":403,"href":"https:\/\/mathieusage.com\/index.php\/wp-json\/wp\/v2\/pages\/386\/revisions\/403"}],"wp:featuredmedia":[{"embeddable":true,"href":"https:\/\/mathieusage.com\/index.php\/wp-json\/wp\/v2\/media\/26"}],"wp:attachment":[{"href":"https:\/\/mathieusage.com\/index.php\/wp-json\/wp\/v2\/media?parent=386"}],"curies":[{"name":"wp","href":"https:\/\/api.w.org\/{rel}","templated":true}]}}