{"id":9,"date":"2025-09-22T09:54:50","date_gmt":"2025-09-22T09:54:50","guid":{"rendered":"http:\/\/mathieusage.com\/?page_id=9"},"modified":"2025-10-27T06:26:28","modified_gmt":"2025-10-27T06:26:28","slug":"homepage","status":"publish","type":"page","link":"https:\/\/mathieusage.com\/index.php\/homepage\/","title":{"rendered":"Clients"},"content":{"rendered":"\n<figure class=\"wp-block-image aligncenter size-large is-resized\"><img loading=\"lazy\" decoding=\"async\" width=\"1024\" height=\"415\" src=\"http:\/\/mathieusage.com\/wp-content\/uploads\/2025\/09\/Capture-decran-2025-09-25-a-11.32.11-1024x415.png\" alt=\"\" class=\"wp-image-56\" style=\"width:1028px;height:auto\" srcset=\"https:\/\/mathieusage.com\/wp-content\/uploads\/2025\/09\/Capture-decran-2025-09-25-a-11.32.11-1024x415.png 1024w, https:\/\/mathieusage.com\/wp-content\/uploads\/2025\/09\/Capture-decran-2025-09-25-a-11.32.11-300x121.png 300w, https:\/\/mathieusage.com\/wp-content\/uploads\/2025\/09\/Capture-decran-2025-09-25-a-11.32.11-2000x810.png 2000w, https:\/\/mathieusage.com\/wp-content\/uploads\/2025\/09\/Capture-decran-2025-09-25-a-11.32.11.png 2030w\" sizes=\"auto, (max-width: 1024px) 100vw, 1024px\" \/><\/figure>\n\n\n\n<div id=\"services\" class=\"wp-block-group alignfull pattern_multiple_covers has-background has-global-padding is-layout-constrained wp-block-group-is-layout-constrained\">\n<p><\/p>\n\n\n\n<p class=\"has-text-color has-link-color wp-elements-0832c342f70d7bf3e2f70cc09b1353bf\" style=\"color:#022b77;font-size:clamp(17.905px, 1.119rem + ((1vw - 3.2px) * 0.893), 28px);\"><strong>TEMOIGNAGES<\/strong><\/p>\n\n\n\n<p class=\"has-primary-color has-text-color has-link-color wp-elements-778d09c3f8f27cd0cdd6b9815034857c\"><strong><em>Mathieu se distingue par son parcours unique qui allie expertise professionnelle et exploits sportifs.<\/em> <em>En tant recordman du monde et double champion du monde de ski de vitesse, il apporte une perspective authentique et inspirante \u00e0 ses interventions.<\/em> <em>Que ce soit sur les m\u00e9caniques d\u2019une \u00ab&nbsp;Dream Team&nbsp;\u00bb, de Culture d\u2019Equipe ou encore d\u2019outils permettant de Manager en situation d\u2019incertitude, Mathieu se challenge pour \u00eatre dans l\u2019attendu des besoins de son auditoire\u2026.et ses ressources sont nombreuses&nbsp;!<\/em> <em>Il partage avec justesse des anecdotes personnelles de sa carri\u00e8re sportive, illustrant son propos, permettant de transformer les d\u00e9fis en opportunit\u00e9s.<\/em><\/strong><\/p>\n\n\n\n<p class=\"has-text-align-right has-text-color has-link-color wp-elements-56df9737383505ef457e03f14aec6c09\" style=\"color:#022b77\">Xavier PERRIN &#8211; DRH et Directeur du r\u00e9seau &#8211; Entrep\u00f4t du Bricolage<\/p>\n\n\n\n<p class=\"has-primary-color has-text-color has-link-color wp-elements-2696007249821b027cc54b6dce894781\" style=\"margin-right:var(--wp--preset--spacing--medium);margin-left:var(--wp--preset--spacing--medium)\"><em><strong>La rentr\u00e9e de septembre est un moment o\u00f9 on peut rapidement se sentir fatigu\u00e9 en reprenant le rythme soutenu de nos vies professionnelle et personnelle. C\u2019est dans ce contexte que Mathieu Sage est intervenu chez BETC et a anim\u00e9 une conf\u00e9rence au cours de laquelle il nous a partag\u00e9 son exp\u00e9rience passionnante, ses conseils et son dynamisme pour nous aider \u00e0 &nbsp;mieux \u00ab&nbsp;manager nos \u00e9nergies&nbsp;\u00bb. Les participants sont repartis enthousiastes, avec des outils simples et pratiques \u00e0 mettre en \u0153uvre dans leur vie quotidienne.<\/strong><\/em><\/p>\n\n\n\n<p class=\"has-text-align-right has-text-color has-link-color wp-elements-7775128d873dcd2de9175566a89c9ab6\" style=\"color:#022b77\">Corinne BUFFO \u2013 Responsable RH &amp; DEI &amp; Maggy Reis \u2013 Infirmi\u00e8re Sant\u00e9 au Travail &#8211; BETC<\/p>\n\n\n\n<p class=\"has-primary-color has-text-color has-link-color wp-elements-afa60eb3f5c4b9f3036736b905689ae5\" style=\"margin-right:var(--wp--preset--spacing--medium);margin-left:var(--wp--preset--spacing--medium)\"><em><strong>J&rsquo;ai eu le plaisir de co-construire avec Mathieu un s\u00e9minaire du groupe Sincrone. Son accompagnement a \u00e9t\u00e9 d\u2019une grande qualit\u00e9, alliant r\u00e9activit\u00e9, pertinence et finesse d\u2019analyse. Au-del\u00e0 de son aisance en tant que conf\u00e9rencier, ce qui m&rsquo;a marqu\u00e9 est sa capacit\u00e9 \u00e0 embarquer aussi bien un petit groupe de dirigeants qu\u2019une salle pleine de 160 personnes, sans jamais perdre le fil ni l\u2019impact. Mathieu sait rendre concrets des concepts parfois abstrait, et cela fait toute la diff\u00e9rence quand on veut passer de la r\u00e9flexion \u00e0 l&rsquo;action.<\/strong><\/em><\/p>\n\n\n\n<p class=\"has-text-align-right has-text-color has-link-color wp-elements-4a0475a43c14c59aaf1ad9b9db032351\" style=\"color:#022b77;margin-right:var(--wp--preset--spacing--medium);margin-left:var(--wp--preset--spacing--medium)\">Sophie Ratouis &#8211; Directrice Marketing &amp; Communication &#8211; Groupe Sincrone<\/p>\n\n\n\n<p class=\"has-primary-color has-text-color has-link-color wp-elements-dce5fe466e9f26659ff106cbb5b39b8b\" style=\"margin-right:var(--wp--preset--spacing--medium);margin-left:var(--wp--preset--spacing--medium)\"><em><strong>Mathieu Sage est intervenu dans le cadre d\u2019un s\u00e9minaire du conseil d\u2019administration de notre f\u00e9d\u00e9ration. Gr\u00e2ce \u00e0 son \u00e9nergie et \u00e0 une m\u00e9thode tr\u00e8s structur\u00e9e d\u2019engagement dans une r\u00e9flexion collective, il nous a aid\u00e9 \u00e0 comprendre comment am\u00e9liorer notre fonctionnement, et \u00e0 renforcer l\u2019esprit de coh\u00e9sion et d\u2019\u00e9coute mutuelle. Par son dynamisme et son esprit de conviction, Mathieu Sage nous a permis d\u2019atteindre pleinement l\u2019objectif du s\u00e9minaire.<\/strong><\/em><\/p>\n<\/div>\n\n\n\n<p class=\"has-text-align-right has-text-color has-link-color wp-elements-98f57b492d5f5d96ce9dc85124462184\" style=\"color:#022b77\">Caroline HUPIN &#8211; D\u00e9l\u00e9gu\u00e9e g\u00e9n\u00e9rale de la F\u00e9d\u00e9ration des magasins de bricolage et de l\u2019am\u00e9nagement de la maison &#8211; FMB<\/p>\n\n\n\n<div id=\"services\" class=\"wp-block-group alignfull pattern_multiple_covers has-background has-global-padding is-layout-constrained wp-block-group-is-layout-constrained\"><\/div>\n\n\n\n<p class=\"has-text-align-center has-white-background-color has-text-color has-background has-link-color wp-elements-d8dbbbf71c24ced9d130d32f7c1a6930\" style=\"color:#022b77;padding-top:0;padding-bottom:0;font-size:clamp(18.434px, 1.152rem + ((1vw - 3.2px) * 0.935), 29px);\"><strong>Un projet ? Une question ? Contactez-moi : <\/strong><\/p>\n\n\n\n<p class=\"has-text-align-center has-white-color has-text-color has-background has-link-color wp-elements-cc21dfc3f437a7e2fc13796372497a6a\" style=\"background-color:#022b77;padding-top:var(--wp--preset--spacing--x-small);padding-bottom:var(--wp--preset--spacing--x-small);font-size:clamp(15.197px, 0.95rem + ((1vw - 3.2px) * 0.691), 23px);\"><a href=\"mailto:mathieu.sage@meweperformance.com\"><strong>mathieu.sage@meweperformance.com<\/strong><\/a><\/p>\n\n\n\n<p class=\"has-text-align-center has-white-color has-text-color has-background has-link-color wp-elements-26482452f3d40f5c8704ccce57f2ad56\" style=\"background-color:#022b77;padding-top:var(--wp--preset--spacing--x-small);padding-bottom:var(--wp--preset--spacing--x-small);font-size:clamp(15.197px, 0.95rem + ((1vw - 3.2px) * 0.691), 23px);\"><strong><a href=\"tel:330611340286\">+33 (0)6.11.34.02.86<\/a><\/strong><\/p>\n\n\n\n<p><\/p>\n","protected":false},"excerpt":{"rendered":"<p>TEMOIGNAGES Mathieu se distingue par son parcours unique qui allie expertise professionnelle et exploits sportifs. En tant recordman du monde et double champion du monde de ski de vitesse, il apporte une perspective authentique et inspirante \u00e0 ses interventions. Que ce soit sur les m\u00e9caniques d\u2019une \u00ab&nbsp;Dream Team&nbsp;\u00bb, de Culture d\u2019Equipe ou encore d\u2019outils permettant &hellip; <\/p>\n<p class=\"link-more\"><a href=\"https:\/\/mathieusage.com\/index.php\/homepage\/\" class=\"more-link\">Lire la suite de<span class=\"screen-reader-text\">\u00ab\u00a0Clients\u00a0\u00bb<\/span><\/a><\/p>\n","protected":false},"author":1,"featured_media":26,"parent":0,"menu_order":1,"comment_status":"closed","ping_status":"closed","template":"page-templates\/homepage-builder-bb.php","meta":{"footnotes":""},"class_list":["post-9","page","type-page","status-publish","has-post-thumbnail","hentry"],"_links":{"self":[{"href":"https:\/\/mathieusage.com\/index.php\/wp-json\/wp\/v2\/pages\/9","targetHints":{"allow":["GET"]}}],"collection":[{"href":"https:\/\/mathieusage.com\/index.php\/wp-json\/wp\/v2\/pages"}],"about":[{"href":"https:\/\/mathieusage.com\/index.php\/wp-json\/wp\/v2\/types\/page"}],"author":[{"embeddable":true,"href":"https:\/\/mathieusage.com\/index.php\/wp-json\/wp\/v2\/users\/1"}],"replies":[{"embeddable":true,"href":"https:\/\/mathieusage.com\/index.php\/wp-json\/wp\/v2\/comments?post=9"}],"version-history":[{"count":93,"href":"https:\/\/mathieusage.com\/index.php\/wp-json\/wp\/v2\/pages\/9\/revisions"}],"predecessor-version":[{"id":390,"href":"https:\/\/mathieusage.com\/index.php\/wp-json\/wp\/v2\/pages\/9\/revisions\/390"}],"wp:featuredmedia":[{"embeddable":true,"href":"https:\/\/mathieusage.com\/index.php\/wp-json\/wp\/v2\/media\/26"}],"wp:attachment":[{"href":"https:\/\/mathieusage.com\/index.php\/wp-json\/wp\/v2\/media?parent=9"}],"curies":[{"name":"wp","href":"https:\/\/api.w.org\/{rel}","templated":true}]}}